{"id":228,"date":"2023-07-08T06:04:35","date_gmt":"2023-07-08T06:04:35","guid":{"rendered":"https:\/\/antsolutions.com.ar\/?page_id=228"},"modified":"2023-07-31T21:02:18","modified_gmt":"2023-07-31T21:02:18","slug":"empresa","status":"publish","type":"page","link":"https:\/\/antsolutions.com.ar\/en\/empresa\/","title":{"rendered":"Company"},"content":{"rendered":"<div data-elementor-type=\"wp-page\" data-elementor-id=\"228\" class=\"elementor elementor-228\" data-elementor-settings=\"{&quot;ha_cmc_init_switcher&quot;:&quot;no&quot;}\" data-elementor-post-type=\"page\">\n\t\t\t\t\t\t<section class=\"elementor-section elementor-top-section elementor-element elementor-element-00a9dbb elementor-section-height-min-height elementor-section-items-bottom elementor-section-boxed elementor-section-height-default\" data-id=\"00a9dbb\" data-element_type=\"section\" data-e-type=\"section\" data-settings=\"{&quot;background_background&quot;:&quot;gradient&quot;,&quot;_ha_eqh_enable&quot;:false}\">\n\t\t\t\t\t\t\t<div class=\"elementor-background-overlay\"><\/div>\n\t\t\t\t\t\t\t<div class=\"elementor-container elementor-column-gap-default\">\n\t\t\t\t\t<div class=\"elementor-column elementor-col-100 elementor-top-column elementor-element elementor-element-4f1ee2b elementor-invisible\" data-id=\"4f1ee2b\" data-element_type=\"column\" data-e-type=\"column\" data-settings=\"{&quot;animation&quot;:&quot;fadeIn&quot;}\">\n\t\t\t<div class=\"elementor-widget-wrap elementor-element-populated\">\n\t\t\t\t\t\t<div class=\"elementor-element elementor-element-cf83ed0 elementor-widget elementor-widget-heading\" data-id=\"cf83ed0\" data-element_type=\"widget\" data-e-type=\"widget\" data-widget_type=\"heading.default\">\n\t\t\t\t<div class=\"elementor-widget-container\">\n\t\t\t\t\t<h2 class=\"elementor-heading-title elementor-size-default\">Our <span class=\"title-green\">Company<\/span><\/h2>\t\t\t\t<\/div>\n\t\t\t\t<\/div>\n\t\t\t\t<section class=\"elementor-section elementor-inner-section elementor-element elementor-element-01b61e1 elementor-section-boxed elementor-section-height-default elementor-section-height-default\" data-id=\"01b61e1\" data-element_type=\"section\" data-e-type=\"section\" data-settings=\"{&quot;_ha_eqh_enable&quot;:false}\">\n\t\t\t\t\t\t<div class=\"elementor-container elementor-column-gap-default\">\n\t\t\t\t\t<div class=\"elementor-column elementor-col-50 elementor-inner-column elementor-element elementor-element-8843ee4\" data-id=\"8843ee4\" data-element_type=\"column\" data-e-type=\"column\">\n\t\t\t<div class=\"elementor-widget-wrap elementor-element-populated\">\n\t\t\t\t\t\t<div class=\"elementor-element elementor-element-5ffeb3b elementor-widget__width-initial elementor-widget elementor-widget-text-editor\" data-id=\"5ffeb3b\" data-element_type=\"widget\" data-e-type=\"widget\" data-widget_type=\"text-editor.default\">\n\t\t\t\t<div class=\"elementor-widget-container\">\n\t\t\t\t\t\t\t\t\t<p class=\"translation-block\"><strong>Ants Solutions<\/strong> was founded in 2010 by Federico Tripodi and Juli\u00e1n D\u00edaz, both Systems Engineers from <strong>Rosario, Argentina<\/strong> with more than 15 years of experience in software web development and applications.<\/p><p>The company started growing exponentially, both in Argentina as well as worldwide, thanks to its focus on problem solving, innovation and customer satisfaction. Currently, we provide IT solutions in Latin America, the United States and Europe; with a shared objective of becoming strategic partners of the digital transformation of your company.<\/p>\t\t\t\t\t\t\t\t<\/div>\n\t\t\t\t<\/div>\n\t\t\t\t\t<\/div>\n\t\t<\/div>\n\t\t\t\t<div class=\"elementor-column elementor-col-50 elementor-inner-column elementor-element elementor-element-3d9e4b3\" data-id=\"3d9e4b3\" data-element_type=\"column\" data-e-type=\"column\">\n\t\t\t<div class=\"elementor-widget-wrap elementor-element-populated\">\n\t\t\t\t\t\t<div class=\"elementor-element elementor-element-fd78b29 elementor-widget elementor-widget-image\" data-id=\"fd78b29\" data-element_type=\"widget\" data-e-type=\"widget\" data-widget_type=\"image.default\">\n\t\t\t\t<div class=\"elementor-widget-container\">\n\t\t\t\t\t\t\t\t\t\t\t\t\t\t\t<img fetchpriority=\"high\" decoding=\"async\" width=\"800\" height=\"285\" src=\"https:\/\/antsolutions.com.ar\/wp-content\/uploads\/2023\/07\/Recurso-2.png\" class=\"attachment-large size-large wp-image-49\" alt=\"\" srcset=\"https:\/\/antsolutions.com.ar\/wp-content\/uploads\/2023\/07\/Recurso-2.png 910w, https:\/\/antsolutions.com.ar\/wp-content\/uploads\/2023\/07\/Recurso-2-300x107.png 300w, https:\/\/antsolutions.com.ar\/wp-content\/uploads\/2023\/07\/Recurso-2-768x273.png 768w\" sizes=\"(max-width: 800px) 100vw, 800px\" \/>\t\t\t\t\t\t\t\t\t\t\t\t\t\t\t<\/div>\n\t\t\t\t<\/div>\n\t\t\t\t\t<\/div>\n\t\t<\/div>\n\t\t\t\t\t<\/div>\n\t\t<\/section>\n\t\t\t\t\t<\/div>\n\t\t<\/div>\n\t\t\t\t\t<\/div>\n\t\t<\/section>\n\t\t\t\t<section class=\"elementor-section elementor-top-section elementor-element elementor-element-65eafc7 elementor-section-boxed elementor-section-height-default elementor-section-height-default\" data-id=\"65eafc7\" data-element_type=\"section\" data-e-type=\"section\" data-settings=\"{&quot;_ha_eqh_enable&quot;:false}\">\n\t\t\t\t\t\t<div class=\"elementor-container elementor-column-gap-default\">\n\t\t\t\t\t<div class=\"elementor-column elementor-col-100 elementor-top-column elementor-element elementor-element-4ff76f5\" data-id=\"4ff76f5\" data-element_type=\"column\" data-e-type=\"column\">\n\t\t\t<div class=\"elementor-widget-wrap elementor-element-populated\">\n\t\t\t\t\t\t<div class=\"elementor-element elementor-element-8524b7d elementor-widget elementor-widget-heading\" data-id=\"8524b7d\" data-element_type=\"widget\" data-e-type=\"widget\" data-widget_type=\"heading.default\">\n\t\t\t\t<div class=\"elementor-widget-container\">\n\t\t\t\t\t<h2 class=\"elementor-heading-title elementor-size-default\"><span class=\"title-green\">Our<\/span> Philosophy <\/h2>\t\t\t\t<\/div>\n\t\t\t\t<\/div>\n\t\t\t\t<div class=\"elementor-element elementor-element-55b7c8b elementor-widget__width-initial elementor-widget elementor-widget-text-editor\" data-id=\"55b7c8b\" data-element_type=\"widget\" data-e-type=\"widget\" data-widget_type=\"text-editor.default\">\n\t\t\t\t<div class=\"elementor-widget-container\">\n\t\t\t\t\t\t\t\t\t<p class=\"translation-block\">We are specialists in team and comprehensive work. We consider that fully understanding the problem before addressing it is the foundation of an effective and long-term solution.<\/p><p><span style=\"font-weight: 400;\">We tackle the problem from all the IT edges, either solving infrastructure problems, developing software, or training the personnel. Our tailor-made solutions contemplate, from the beginning of the project, all the factors the client wants to analyze. We try to constantly be our customers\u2019 strategic technology partner. <\/span><\/p>\t\t\t\t\t\t\t\t<\/div>\n\t\t\t\t<\/div>\n\t\t\t\t\t<\/div>\n\t\t<\/div>\n\t\t\t\t\t<\/div>\n\t\t<\/section>\n\t\t\t\t<section class=\"elementor-section elementor-top-section elementor-element elementor-element-f14ef79 elementor-section-boxed elementor-section-height-default elementor-section-height-default\" data-id=\"f14ef79\" data-element_type=\"section\" data-e-type=\"section\" data-settings=\"{&quot;background_background&quot;:&quot;gradient&quot;,&quot;_ha_eqh_enable&quot;:false}\">\n\t\t\t\t\t\t\t<div class=\"elementor-background-overlay\"><\/div>\n\t\t\t\t\t\t\t<div class=\"elementor-container elementor-column-gap-default\">\n\t\t\t\t\t<div class=\"elementor-column elementor-col-50 elementor-top-column elementor-element elementor-element-638ea45\" data-id=\"638ea45\" data-element_type=\"column\" data-e-type=\"column\">\n\t\t\t<div class=\"elementor-widget-wrap elementor-element-populated\">\n\t\t\t\t\t\t<div class=\"elementor-element elementor-element-156248d elementor-widget elementor-widget-heading\" data-id=\"156248d\" data-element_type=\"widget\" data-e-type=\"widget\" data-widget_type=\"heading.default\">\n\t\t\t\t<div class=\"elementor-widget-container\">\n\t\t\t\t\t<h2 class=\"elementor-heading-title elementor-size-default\">Our <span class=\"title-green\">Offices<\/span><\/h2>\t\t\t\t<\/div>\n\t\t\t\t<\/div>\n\t\t\t\t<div class=\"elementor-element elementor-element-7fd48ad elementor-widget elementor-widget-text-editor\" data-id=\"7fd48ad\" data-element_type=\"widget\" data-e-type=\"widget\" data-widget_type=\"text-editor.default\">\n\t\t\t\t<div class=\"elementor-widget-container\">\n\t\t\t\t\t\t\t\t\t<p class=\"translation-block\"><span style=\"font-weight: 400\">Our <\/span><b><i>headquarters <\/i><\/b><span style=\"font-weight: 400\"> are located in Argentina, where we provide service to the entire national territory. Likewise, we have commercial offices and account executives in Chile and the United States to provide personalized attention to our international clients.<\/p>\t\t\t\t\t\t\t\t<\/div>\n\t\t\t\t<\/div>\n\t\t\t\t<div class=\"elementor-element elementor-element-6d4b254 ha-mode--comfy ha-direction--right elementor-widget elementor-widget-ha-list-group happy-addon ha-list-group happy-addon-pro\" data-id=\"6d4b254\" data-element_type=\"widget\" data-e-type=\"widget\" data-widget_type=\"ha-list-group.default\">\n\t\t\t\t<div class=\"elementor-widget-container\">\n\t\t\t\t\t\n        <ul class=\"ha-list-wrap\">\n            \n                <li class=\"ha-list-item ha-list-item-custom elementor-repeater-item-e44984d\">\n\n                                        <a class=\"ha-link\" href=\"mailto:contacto@antsolutions.com.ar\">\n                    \n                        <div class=\"ha-item-wrap\">\n\n\t\t\t\t\t\t\t                                <div class=\"ha-icon image\">\n                                    <img decoding=\"async\" src=\"https:\/\/antsolutions.com.ar\/wp-content\/uploads\/2023\/07\/argentina-1-150x150.png\" alt=\"Rosario, Santa Fe\" \/>\n                                <\/div>\n\n                            \n                            <div class=\"ha-text\">\n\t\t\t\t\t\t\t\t\t<!-- title tag start -->\n                                    <h4 class=\"ha-list-title\">\n                                        Rosario, Santa Fe                                                                                    <span class=\"ha-badge\">Headquarters<\/span>\n                                                                            <\/h4>\n\t\t\t\t\t\t\t\t\t<!-- title tag end -->\n\n                                                                    <p class=\"ha-list-detail\">\n                                        Viamonte 375, First Floor<br>\n<b>+54 341 5469694<\/b>                                    <\/p>\n                                                            <\/div>\n\n                                                            <div class=\"ha-direction\">\n\t\t\t\t\t\t\t\t\t<i aria-hidden=\"true\" class=\"far fa-envelope\"><\/i>                                <\/div>\n                            \n                        <\/div>\n\n                                        <\/a>\n                    \n                <\/li>\n\n            \n                <li class=\"ha-list-item ha-list-item-custom elementor-repeater-item-6c2705c\">\n\n                                        <a class=\"ha-link\" href=\"mailto:btacchino@antsolutions.cl\">\n                    \n                        <div class=\"ha-item-wrap\">\n\n\t\t\t\t\t\t\t                                <div class=\"ha-icon image\">\n                                    <img decoding=\"async\" src=\"https:\/\/antsolutions.com.ar\/wp-content\/uploads\/2023\/07\/chile-150x150.png\" alt=\"Las Condes, Santiago\" \/>\n                                <\/div>\n\n                            \n                            <div class=\"ha-text\">\n\t\t\t\t\t\t\t\t\t<!-- title tag start -->\n                                    <h4 class=\"ha-list-title\">\n                                        Las Condes, Santiago                                                                            <\/h4>\n\t\t\t\t\t\t\t\t\t<!-- title tag end -->\n\n                                                                    <p class=\"ha-list-detail\">\n                                        Badajoz 100, Oficina 107<br>\n<b>+ 56 6405 7696<\/b>                                    <\/p>\n                                                            <\/div>\n\n                                                            <div class=\"ha-direction\">\n\t\t\t\t\t\t\t\t\t<i aria-hidden=\"true\" class=\"far fa-envelope\"><\/i>                                <\/div>\n                            \n                        <\/div>\n\n                                        <\/a>\n                    \n                <\/li>\n\n            \n                <li class=\"ha-list-item ha-list-item-custom elementor-repeater-item-96f93e3\">\n\n                                        <a class=\"ha-link\" href=\"mailto:desarrollo@antsolutions.com.ar\">\n                    \n                        <div class=\"ha-item-wrap\">\n\n\t\t\t\t\t\t\t                                <div class=\"ha-icon image\">\n                                    <img decoding=\"async\" src=\"https:\/\/antsolutions.com.ar\/wp-content\/uploads\/2023\/07\/united-states-150x150.png\" alt=\"Miami, Florida\" \/>\n                                <\/div>\n\n                            \n                            <div class=\"ha-text\">\n\t\t\t\t\t\t\t\t\t<!-- title tag start -->\n                                    <h4 class=\"ha-list-title\">\n                                        Miami, Florida                                                                            <\/h4>\n\t\t\t\t\t\t\t\t\t<!-- title tag end -->\n\n                                                                    <p class=\"ha-list-detail\">\n                                        800 SE 4TH Avenue, Suite 704, 33009                                    <\/p>\n                                                            <\/div>\n\n                                                            <div class=\"ha-direction\">\n\t\t\t\t\t\t\t\t\t<i aria-hidden=\"true\" class=\"far fa-envelope\"><\/i>                                <\/div>\n                            \n                        <\/div>\n\n                                        <\/a>\n                    \n                <\/li>\n\n                    <\/ul>\n\n        \t\t\t\t<\/div>\n\t\t\t\t<\/div>\n\t\t\t\t\t<\/div>\n\t\t<\/div>\n\t\t\t\t<div class=\"elementor-column elementor-col-50 elementor-top-column elementor-element elementor-element-a48f373\" data-id=\"a48f373\" data-element_type=\"column\" data-e-type=\"column\">\n\t\t\t<div class=\"elementor-widget-wrap elementor-element-populated\">\n\t\t\t\t\t\t<div class=\"elementor-element elementor-element-9925f83 elementor-hidden-tablet elementor-hidden-mobile elementor-widget elementor-widget-hotspot\" data-id=\"9925f83\" data-element_type=\"widget\" data-e-type=\"widget\" data-settings=\"{&quot;hotspot&quot;:[{&quot;_id&quot;:&quot;d0bbc32&quot;,&quot;hotspot_tooltip_content&quot;:&quot;&lt;p&gt;800 SE 4TH Avenue, Suite 704&lt;br \\\/&gt;&lt;strong&gt;Miami, Florida&lt;\\\/strong&gt;&lt;\\\/p&gt;&quot;,&quot;hotspot_offset_x&quot;:{&quot;unit&quot;:&quot;%&quot;,&quot;size&quot;:44,&quot;sizes&quot;:[]},&quot;hotspot_offset_y&quot;:{&quot;unit&quot;:&quot;%&quot;,&quot;size&quot;:39,&quot;sizes&quot;:[]},&quot;hotspot_tooltip_position&quot;:&quot;yes&quot;,&quot;hotspot_position&quot;:&quot;left&quot;,&quot;hotspot_tooltip_width&quot;:{&quot;unit&quot;:&quot;px&quot;,&quot;size&quot;:0,&quot;sizes&quot;:[]},&quot;hotspot_label&quot;:&quot;&quot;,&quot;hotspot_link&quot;:{&quot;url&quot;:&quot;&quot;,&quot;is_external&quot;:&quot;&quot;,&quot;nofollow&quot;:&quot;&quot;,&quot;custom_attributes&quot;:&quot;&quot;},&quot;hotspot_icon&quot;:{&quot;value&quot;:&quot;&quot;,&quot;library&quot;:&quot;&quot;},&quot;hotspot_icon_position&quot;:null,&quot;hotspot_icon_spacing&quot;:null,&quot;hotspot_custom_size&quot;:&quot;no&quot;,&quot;hotspot_width&quot;:null,&quot;hotspot_height&quot;:null,&quot;hotspot_horizontal&quot;:&quot;left&quot;,&quot;hotspot_vertical&quot;:&quot;top&quot;,&quot;hotspot_tooltip_text_wrap&quot;:&quot;&quot;},{&quot;hotspot_tooltip_content&quot;:&quot;&lt;p&gt;Viamonte 375, 1\\u00ba Piso A&lt;br \\\/&gt;&lt;strong&gt;Rosario, Argentina&lt;\\\/strong&gt;&lt;\\\/p&gt;&quot;,&quot;hotspot_offset_x&quot;:{&quot;unit&quot;:&quot;%&quot;,&quot;size&quot;:60,&quot;sizes&quot;:[]},&quot;hotspot_offset_y&quot;:{&quot;unit&quot;:&quot;%&quot;,&quot;size&quot;:84,&quot;sizes&quot;:[]},&quot;hotspot_tooltip_position&quot;:&quot;yes&quot;,&quot;hotspot_position&quot;:&quot;left&quot;,&quot;hotspot_tooltip_width&quot;:{&quot;unit&quot;:&quot;px&quot;,&quot;size&quot;:0,&quot;sizes&quot;:[]},&quot;_id&quot;:&quot;f7fe668&quot;,&quot;hotspot_label&quot;:&quot;&quot;,&quot;hotspot_link&quot;:{&quot;url&quot;:&quot;&quot;,&quot;is_external&quot;:&quot;&quot;,&quot;nofollow&quot;:&quot;&quot;,&quot;custom_attributes&quot;:&quot;&quot;},&quot;hotspot_icon&quot;:{&quot;value&quot;:&quot;&quot;,&quot;library&quot;:&quot;&quot;},&quot;hotspot_icon_position&quot;:null,&quot;hotspot_icon_spacing&quot;:null,&quot;hotspot_custom_size&quot;:&quot;no&quot;,&quot;hotspot_width&quot;:null,&quot;hotspot_height&quot;:null,&quot;hotspot_horizontal&quot;:&quot;left&quot;,&quot;hotspot_vertical&quot;:&quot;top&quot;,&quot;hotspot_tooltip_text_wrap&quot;:&quot;&quot;},{&quot;hotspot_tooltip_content&quot;:&quot;&lt;p&gt;Badajoz 100, Oficina 107&lt;br \\\/&gt;&lt;strong&gt;Las Condes, Santiago de Chile&lt;\\\/strong&gt;&lt;\\\/p&gt;&quot;,&quot;hotspot_offset_x&quot;:{&quot;unit&quot;:&quot;%&quot;,&quot;size&quot;:53,&quot;sizes&quot;:[]},&quot;hotspot_offset_y&quot;:{&quot;unit&quot;:&quot;%&quot;,&quot;size&quot;:85,&quot;sizes&quot;:[]},&quot;hotspot_tooltip_position&quot;:&quot;yes&quot;,&quot;hotspot_position&quot;:&quot;right&quot;,&quot;hotspot_tooltip_width&quot;:{&quot;unit&quot;:&quot;px&quot;,&quot;size&quot;:0,&quot;sizes&quot;:[]},&quot;_id&quot;:&quot;cd45e8a&quot;,&quot;hotspot_label&quot;:&quot;&quot;,&quot;hotspot_link&quot;:{&quot;url&quot;:&quot;&quot;,&quot;is_external&quot;:&quot;&quot;,&quot;nofollow&quot;:&quot;&quot;,&quot;custom_attributes&quot;:&quot;&quot;},&quot;hotspot_icon&quot;:{&quot;value&quot;:&quot;&quot;,&quot;library&quot;:&quot;&quot;},&quot;hotspot_icon_position&quot;:null,&quot;hotspot_icon_spacing&quot;:null,&quot;hotspot_custom_size&quot;:&quot;no&quot;,&quot;hotspot_width&quot;:null,&quot;hotspot_height&quot;:null,&quot;hotspot_horizontal&quot;:&quot;left&quot;,&quot;hotspot_vertical&quot;:&quot;top&quot;,&quot;hotspot_tooltip_text_wrap&quot;:&quot;&quot;}],&quot;tooltip_position&quot;:&quot;bottom&quot;,&quot;tooltip_trigger&quot;:&quot;mouseenter&quot;,&quot;hotspot_sequenced_animation&quot;:&quot;no&quot;,&quot;tooltip_animation&quot;:&quot;e-hotspot--fade-in-out&quot;}\" data-widget_type=\"hotspot.default\">\n\t\t\t\t<div class=\"elementor-widget-container\">\n\t\t\t\t\t<img decoding=\"async\" width=\"1605\" height=\"1817\" src=\"https:\/\/antsolutions.com.ar\/wp-content\/uploads\/2023\/07\/mapa.png\" class=\"attachment-full size-full wp-image-384\" alt=\"\" srcset=\"https:\/\/antsolutions.com.ar\/wp-content\/uploads\/2023\/07\/mapa.png 1605w, https:\/\/antsolutions.com.ar\/wp-content\/uploads\/2023\/07\/mapa-265x300.png 265w, https:\/\/antsolutions.com.ar\/wp-content\/uploads\/2023\/07\/mapa-905x1024.png 905w, https:\/\/antsolutions.com.ar\/wp-content\/uploads\/2023\/07\/mapa-768x869.png 768w, https:\/\/antsolutions.com.ar\/wp-content\/uploads\/2023\/07\/mapa-1357x1536.png 1357w\" sizes=\"(max-width: 1605px) 100vw, 1605px\" \/>\n\t\t\t\t\t\t<div class=\"e-hotspot elementor-repeater-item-d0bbc32  e-hotspot--position-left e-hotspot--position-top   e-hotspot--circle\">\n\n\t\t\t\t\t\t\t\t<div class=\"e-hotspot__button e-hotspot--expand\">\n\t\t\t\t\t\t\t\t\t\t\t<div class=\"e-hotspot__outer-circle\"><\/div>\n\t\t\t\t\t\t<div class=\"e-hotspot__inner-circle\"><\/div>\n\t\t\t\t\t\t\t\t\t<\/div>\n\n\t\t\t\t\t\t\t\t\t\t\t\t\t\t\t\t\t\t<div class=\"e-hotspot__tooltip  e-hotspot--tooltip-position e-hotspot--fade-in-out\" >\n\t\t\t\t\t\t<p>800 SE 4TH Avenue, Suite 704<br \/><strong>Miami, Florida<\/strong><\/p>\t\t\t\t\t<\/div>\n\t\t\t\t\t\t\t\t\t\n\t\t\t<\/div>\n\n\t\n\t\t\t\t\t\t<div class=\"e-hotspot elementor-repeater-item-f7fe668  e-hotspot--position-left e-hotspot--position-top   e-hotspot--circle\">\n\n\t\t\t\t\t\t\t\t<div class=\"e-hotspot__button e-hotspot--expand\">\n\t\t\t\t\t\t\t\t\t\t\t<div class=\"e-hotspot__outer-circle\"><\/div>\n\t\t\t\t\t\t<div class=\"e-hotspot__inner-circle\"><\/div>\n\t\t\t\t\t\t\t\t\t<\/div>\n\n\t\t\t\t\t\t\t\t\t\t\t\t\t\t\t\t\t\t<div class=\"e-hotspot__tooltip  e-hotspot--tooltip-position e-hotspot--fade-in-out\" >\n\t\t\t\t\t\t<p>Viamonte 375, First Floor<br \/><strong>Rosario, Argentina<\/strong><\/p>\t\t\t\t\t<\/div>\n\t\t\t\t\t\t\t\t\t\n\t\t\t<\/div>\n\n\t\n\t\t\t\t\t\t<div class=\"e-hotspot elementor-repeater-item-cd45e8a  e-hotspot--position-left e-hotspot--position-top   e-hotspot--circle\">\n\n\t\t\t\t\t\t\t\t<div class=\"e-hotspot__button e-hotspot--expand\">\n\t\t\t\t\t\t\t\t\t\t\t<div class=\"e-hotspot__outer-circle\"><\/div>\n\t\t\t\t\t\t<div class=\"e-hotspot__inner-circle\"><\/div>\n\t\t\t\t\t\t\t\t\t<\/div>\n\n\t\t\t\t\t\t\t\t\t\t\t\t\t\t\t\t\t\t<div class=\"e-hotspot__tooltip  e-hotspot--tooltip-position e-hotspot--fade-in-out\" >\n\t\t\t\t\t\t<p>Badajoz 100, Oficina 107<br \/><strong>Las Condes, Santiago de Chile<\/strong><\/p>\t\t\t\t\t<\/div>\n\t\t\t\t\t\t\t\t\t\n\t\t\t<\/div>\n\n\t\n\t\t\t\t\t\t<\/div>\n\t\t\t\t<\/div>\n\t\t\t\t\t<\/div>\n\t\t<\/div>\n\t\t\t\t\t<\/div>\n\t\t<\/section>\n\t\t\t\t<\/div>","protected":false},"excerpt":{"rendered":"<p>Nuestra Empresa Ants Solutions fue fundada en 2010 por Federico Tripodi y Juli\u00e1n Diaz, ingenieros en sistemas de Rosario, Argentina, con m\u00e1s de 15 a\u00f1os de experiencia desarrollando software web y aplicaciones. La empresa comenz\u00f3 a crecer exponencialmente al concentrarse en la resoluci\u00f3n de problemas, innovando y garantizando la constante satisfacci\u00f3n de sus clientes, tanto [&hellip;]<\/p>","protected":false},"author":1,"featured_media":0,"parent":0,"menu_order":0,"comment_status":"closed","ping_status":"closed","template":"","meta":{"_joinchat":[],"footnotes":""},"class_list":["post-228","page","type-page","status-publish","hentry"],"_hostinger_reach_plugin_has_subscription_block":false,"_hostinger_reach_plugin_is_elementor":false,"_links":{"self":[{"href":"https:\/\/antsolutions.com.ar\/en\/wp-json\/wp\/v2\/pages\/228","targetHints":{"allow":["GET"]}}],"collection":[{"href":"https:\/\/antsolutions.com.ar\/en\/wp-json\/wp\/v2\/pages"}],"about":[{"href":"https:\/\/antsolutions.com.ar\/en\/wp-json\/wp\/v2\/types\/page"}],"author":[{"embeddable":true,"href":"https:\/\/antsolutions.com.ar\/en\/wp-json\/wp\/v2\/users\/1"}],"replies":[{"embeddable":true,"href":"https:\/\/antsolutions.com.ar\/en\/wp-json\/wp\/v2\/comments?post=228"}],"version-history":[{"count":55,"href":"https:\/\/antsolutions.com.ar\/en\/wp-json\/wp\/v2\/pages\/228\/revisions"}],"predecessor-version":[{"id":859,"href":"https:\/\/antsolutions.com.ar\/en\/wp-json\/wp\/v2\/pages\/228\/revisions\/859"}],"wp:attachment":[{"href":"https:\/\/antsolutions.com.ar\/en\/wp-json\/wp\/v2\/media?parent=228"}],"curies":[{"name":"wp","href":"https:\/\/api.w.org\/{rel}","templated":true}]}}